{"id":218,"date":"2015-03-13T15:00:18","date_gmt":"2015-03-13T14:00:18","guid":{"rendered":"http:\/\/172.16.20.178\/?page_id=218"},"modified":"2024-05-10T11:14:58","modified_gmt":"2024-05-10T09:14:58","slug":"informationen","status":"publish","type":"page","link":"https:\/\/www.es-manebach.de\/?page_id=218","title":{"rendered":"Impressum"},"content":{"rendered":"<p><strong><a href=\"http:\/\/homepage.es-manebach.de\/wp-content\/uploads\/2015\/03\/Haus-Schnitt.jpg\"><img decoding=\"async\" loading=\"lazy\" class=\"aligncenter size-large wp-image-302\" src=\"http:\/\/homepage.es-manebach.de\/wp-content\/uploads\/2015\/03\/Haus-Schnitt-1024x301.jpg\" alt=\"Haus-Schnitt\" width=\"605\" height=\"178\" srcset=\"https:\/\/www.es-manebach.de\/wp-content\/uploads\/2015\/03\/Haus-Schnitt-1024x301.jpg 1024w, https:\/\/www.es-manebach.de\/wp-content\/uploads\/2015\/03\/Haus-Schnitt-300x88.jpg 300w, https:\/\/www.es-manebach.de\/wp-content\/uploads\/2015\/03\/Haus-Schnitt-100x29.jpg 100w, https:\/\/www.es-manebach.de\/wp-content\/uploads\/2015\/03\/Haus-Schnitt-150x44.jpg 150w, https:\/\/www.es-manebach.de\/wp-content\/uploads\/2015\/03\/Haus-Schnitt-200x59.jpg 200w, https:\/\/www.es-manebach.de\/wp-content\/uploads\/2015\/03\/Haus-Schnitt-450x132.jpg 450w, https:\/\/www.es-manebach.de\/wp-content\/uploads\/2015\/03\/Haus-Schnitt-600x176.jpg 600w, https:\/\/www.es-manebach.de\/wp-content\/uploads\/2015\/03\/Haus-Schnitt-900x264.jpg 900w, https:\/\/www.es-manebach.de\/wp-content\/uploads\/2015\/03\/Haus-Schnitt.jpg 1615w\" sizes=\"(max-width: 605px) 100vw, 605px\" \/><\/a>Gesch\u00e4ftsf\u00fchrer:<\/strong><br \/>\nDr.-Ing. L\u00fcder Kaltwasser<br \/>\nDipl.-Ing. Georg Stieber<\/p>\n<p><strong>Firmen-Anschrift:<\/strong><br \/>\ne&amp;s Engineering &amp; Software GmbH<br \/>\nManebach<br \/>\nSchm\u00fccker Str. 82a<br \/>\n98693 Ilmenau<\/p>\n<p>Handelsregister Jena<br \/>\n(HRB Nr. 302874)<br \/>\nUmsatzsteueridentifikationsnummer<br \/>\n(UID: DE 150 926 240)<br \/>\nEORI-nummer<br \/>\n(DE5433215)<\/p>\n<p><strong>Kontakt<\/strong><br \/>\nTelefon: +49 (0) 3677 6478 0<br \/>\nTelefax: +49 (0) 3677 6478 33<br \/>\nE-Mail: vitex@es-manebach.de<\/p>\n<p><strong>Die Firma e&amp;s<br \/>\n<\/strong>Hauptgesch\u00e4ftsfelder der Firma sind seit Firmengr\u00fcndung die Entwicklung und \u00a0Produktion von Hard- und Softwarekomponenten f\u00fcr Automationsl\u00f6sungen, insbesondere f\u00fcr \u00a0Industrieprozesse und TV-Sendesignalaufbereitungen.<\/p>\n<p><strong>ViTex<br \/>\n<\/strong>ViTex ist eingetragenes Warenzeichen von e&amp;s f\u00fcr Produkte der Bereiche TV-Sendeanlagen, Informationssysteme und DVB-Signalverarbeitung.<br \/>\nEs steht mittlerweile synonym f\u00fcr st\u00f6rfeste, kompakte und zuverl\u00e4ssige Hardwarekomponenten.<\/p>\n<p><a href=\" http:\/\/172.16.20.178\/?wpdmpro=agb\">AGB<\/a><\/p>\n","protected":false},"excerpt":{"rendered":"<p>Gesch\u00e4ftsf\u00fchrer: Dr.-Ing. L\u00fcder Kaltwasser Dipl.-Ing. Georg Stieber Firmen-Anschrift: e&amp;s Engineering &amp; Software GmbH Manebach Schm\u00fccker Str. 82a 98693 Ilmenau Handelsregister Jena (HRB Nr. 302874) Umsatzsteueridentifikationsnummer (UID: DE 150 926 240) EORI-nummer (DE5433215) Kontakt Telefon: +49 (0) 3677 6478 0 Telefax:<span class=\"ellipsis\">&hellip;<\/span><\/p>\n<div class=\"read-more\"><a href=\"https:\/\/www.es-manebach.de\/?page_id=218\">Weiterlesen \u203a<\/a><\/div>\n<p><!-- end of .read-more --><\/p>\n","protected":false},"author":2,"featured_media":0,"parent":0,"menu_order":0,"comment_status":"closed","ping_status":"closed","template":"","meta":[],"_links":{"self":[{"href":"https:\/\/www.es-manebach.de\/index.php?rest_route=\/wp\/v2\/pages\/218"}],"collection":[{"href":"https:\/\/www.es-manebach.de\/index.php?rest_route=\/wp\/v2\/pages"}],"about":[{"href":"https:\/\/www.es-manebach.de\/index.php?rest_route=\/wp\/v2\/types\/page"}],"author":[{"embeddable":true,"href":"https:\/\/www.es-manebach.de\/index.php?rest_route=\/wp\/v2\/users\/2"}],"replies":[{"embeddable":true,"href":"https:\/\/www.es-manebach.de\/index.php?rest_route=%2Fwp%2Fv2%2Fcomments&post=218"}],"version-history":[{"count":18,"href":"https:\/\/www.es-manebach.de\/index.php?rest_route=\/wp\/v2\/pages\/218\/revisions"}],"predecessor-version":[{"id":911,"href":"https:\/\/www.es-manebach.de\/index.php?rest_route=\/wp\/v2\/pages\/218\/revisions\/911"}],"wp:attachment":[{"href":"https:\/\/www.es-manebach.de\/index.php?rest_route=%2Fwp%2Fv2%2Fmedia&parent=218"}],"curies":[{"name":"wp","href":"https:\/\/api.w.org\/{rel}","templated":true}]}}