{"id":33,"date":"2015-03-06T15:57:38","date_gmt":"2015-03-06T14:57:38","guid":{"rendered":"http:\/\/172.16.20.178\/?page_id=33"},"modified":"2015-04-05T15:32:38","modified_gmt":"2015-04-05T15:32:38","slug":"versuchsseite-produkte","status":"publish","type":"page","link":"https:\/\/www.es-manebach.de\/?page_id=33","title":{"rendered":"INKA4"},"content":{"rendered":"<p style=\"text-align: justify;\">Das INKA 4 ist ein DVB-Festplattenabspieler f\u00fcr MPEG-Dateien. Je nach Bereitstellung der Videodaten k\u00f6nnen SDTV oder HDTV, optional auch <a title=\"INKA4 als UHD-Playout\" href=\"http:\/\/homepage.es-manebach.de\/?p=284\">UHD<\/a> Anwendungen realisiert werden. Die Ger\u00e4te k\u00f6nnen bis zu 2 separat gesteuerte Kan\u00e4le mit Zusatzinformationen (<a title=\"INKA4c als EPG-Inserter\" href=\"http:\/\/homepage.es-manebach.de\/?p=184\">EPG<\/a>, <a title=\"INKA4c als Teletext-Inserter\" href=\"http:\/\/homepage.es-manebach.de\/?p=204\">Teletext<\/a>, <a title=\"INKA4c als HbbTV-Inserter\" href=\"http:\/\/homepage.es-manebach.de\/?p=187\">HbbTV<\/a>) generieren und \u00fcber ASI oder optional via IP-Stream ausgeben. Bis zu 3 Erweiterungsbaugruppen erg\u00e4nzen die Funktionalit\u00e4t. Zur Verf\u00fcgung stehen MPEG-2 SD Encoder, MPEG-2 SD Decoder sowie H.264\/AVC HD Encoder Transcoder Baugruppen. F\u00fcr die Systemkonfiguration stellt das Ger\u00e4t ein Webinterface bereit.<\/p>\n<p style=\"text-align: justify;\"><img decoding=\"async\" loading=\"lazy\" class=\"aligncenter wp-image-363 size-full\" src=\"http:\/\/homepage.es-manebach.de\/wp-content\/uploads\/2015\/03\/inka_920.jpg\" alt=\"INKA4 Front\" width=\"920\" height=\"173\" srcset=\"https:\/\/www.es-manebach.de\/wp-content\/uploads\/2015\/03\/inka_920.jpg 920w, https:\/\/www.es-manebach.de\/wp-content\/uploads\/2015\/03\/inka_920-300x56.jpg 300w, https:\/\/www.es-manebach.de\/wp-content\/uploads\/2015\/03\/inka_920-100x19.jpg 100w, https:\/\/www.es-manebach.de\/wp-content\/uploads\/2015\/03\/inka_920-150x28.jpg 150w, https:\/\/www.es-manebach.de\/wp-content\/uploads\/2015\/03\/inka_920-200x38.jpg 200w, https:\/\/www.es-manebach.de\/wp-content\/uploads\/2015\/03\/inka_920-450x85.jpg 450w, https:\/\/www.es-manebach.de\/wp-content\/uploads\/2015\/03\/inka_920-600x113.jpg 600w, https:\/\/www.es-manebach.de\/wp-content\/uploads\/2015\/03\/inka_920-900x169.jpg 900w\" sizes=\"(max-width: 920px) 100vw, 920px\" \/><\/p>\n<p style=\"text-align: justify;\">Mittels der Programmablaufsteuerung lassen sich Sendeschleifen und Wochenprogramme erzeugen. Auch digitale Programmstr\u00f6me der Eingangsbaugruppen k\u00f6nnen in das gestaltete und zeitlich strukturierte Programm eingef\u00fcgt und nachbearbeitet werden.<\/p>\n<p style=\"text-align: justify;\">F\u00fcr fern\u00fcberwachte Systeme sind SNMP-Funktionen verf\u00fcgbar.<\/p>\n<p style=\"text-align: justify;\">Zur Bedienung der INKA Ger\u00e4te stehen wahlweise das\u00a0Windows-Programm\u00a0<a href=\"http:\/\/homepage.es-manebach.de\/?page_id=131 \">ViTex-Sendeplan<\/a>\u00a0f\u00fcr eine Einzelplatz-Bedienung oder das\u00a0Server-gest\u00fctzte Managementsystem\u00a0<a href=\"http:\/\/homepage.es-manebach.de\/?page_id=134%20\">RedaSys<\/a>\u00a0\u00a0f\u00fcr verteilte Redaktionen und die Bedienung mehrerer Ausgabegruppen zur Verf\u00fcgung.<\/p>\n","protected":false},"excerpt":{"rendered":"<p>Das INKA 4 ist ein DVB-Festplattenabspieler f\u00fcr MPEG-Dateien. Je nach Bereitstellung der Videodaten k\u00f6nnen SDTV oder HDTV, optional auch UHD Anwendungen realisiert werden. Die Ger\u00e4te k\u00f6nnen bis zu 2 separat gesteuerte Kan\u00e4le mit Zusatzinformationen (EPG, Teletext, HbbTV) generieren und \u00fcber<span class=\"ellipsis\">&hellip;<\/span><\/p>\n<div class=\"read-more\"><a href=\"https:\/\/www.es-manebach.de\/?page_id=33\">Weiterlesen \u203a<\/a><\/div>\n<p><!-- end of .read-more --><\/p>\n","protected":false},"author":2,"featured_media":0,"parent":113,"menu_order":0,"comment_status":"closed","ping_status":"closed","template":"","meta":[],"_links":{"self":[{"href":"https:\/\/www.es-manebach.de\/index.php?rest_route=\/wp\/v2\/pages\/33"}],"collection":[{"href":"https:\/\/www.es-manebach.de\/index.php?rest_route=\/wp\/v2\/pages"}],"about":[{"href":"https:\/\/www.es-manebach.de\/index.php?rest_route=\/wp\/v2\/types\/page"}],"author":[{"embeddable":true,"href":"https:\/\/www.es-manebach.de\/index.php?rest_route=\/wp\/v2\/users\/2"}],"replies":[{"embeddable":true,"href":"https:\/\/www.es-manebach.de\/index.php?rest_route=%2Fwp%2Fv2%2Fcomments&post=33"}],"version-history":[{"count":11,"href":"https:\/\/www.es-manebach.de\/index.php?rest_route=\/wp\/v2\/pages\/33\/revisions"}],"predecessor-version":[{"id":475,"href":"https:\/\/www.es-manebach.de\/index.php?rest_route=\/wp\/v2\/pages\/33\/revisions\/475"}],"up":[{"embeddable":true,"href":"https:\/\/www.es-manebach.de\/index.php?rest_route=\/wp\/v2\/pages\/113"}],"wp:attachment":[{"href":"https:\/\/www.es-manebach.de\/index.php?rest_route=%2Fwp%2Fv2%2Fmedia&parent=33"}],"curies":[{"name":"wp","href":"https:\/\/api.w.org\/{rel}","templated":true}]}}