{"id":534,"date":"2015-04-07T10:03:54","date_gmt":"2015-04-07T10:03:54","guid":{"rendered":"http:\/\/homepage.es-manebach.de\/?page_id=534"},"modified":"2016-02-08T09:11:53","modified_gmt":"2016-02-08T08:11:53","slug":"referenzen","status":"publish","type":"page","link":"https:\/\/www.es-manebach.de\/?page_id=534","title":{"rendered":"Referenzen"},"content":{"rendered":"<h2>Referenzen f\u00fcr TV Sendetechnik (Auswahl)<\/h2>\n<h3>DVB-Signalbereitstellung \/ Signalwandler \/ Inserter<\/h3>\n<ul>\n<li>Auftragsentwicklung f\u00fcr DVB-Encoder und Daten-Inserter (internationaler Vertrieb u.a. durch Blankom und Hilkom)<\/li>\n<li>Media Broadcast: Produktbestandteil f\u00fcr Kunden-Signal\u00fcbergabeschnittstelle<\/li>\n<li>Telekom: Playersysteme f\u00fcr IP-TV Projekte<\/li>\n<li>ARD\/ZDF: Studiosignalbereitstellung als Bestandteil Mobiler\u00a0<img decoding=\"async\" loading=\"lazy\" class=\" wp-image-535 size-thumbnail alignright\" src=\"http:\/\/homepage.es-manebach.de\/wp-content\/uploads\/2015\/04\/Olympia14-150x150.jpg\" alt=\"Olympia14\" width=\"150\" height=\"150\" \/>Studiotechnik f\u00fcr internationale Gro\u00dfveranstaltungen, z.B. bei Olympiade Sotschi 2014, Fu\u00dfball WM Brasilien 2014 u.a.<\/li>\n<li>NDR: Bestandteil mobiler Studiotechnik, \u00dc-Wagen, Inhaus-Systeme<\/li>\n<\/ul>\n<h3><\/h3>\n<h3>Sonderprojekte f\u00fcr &#8222;interaktiv TV&#8220;<\/h3>\n<ul>\n<li>Inserter zur Manipulation vorhandener Teletextangebote des Senders:<br \/>\nARD, ZDF, KIKA, SF1, ORF, Bibel-TV<\/li>\n<\/ul>\n<h3>TV-Signalinserter, DVB-Signalerzeuger, Infokan\u00e4le, Lokal-TV, Sendeabwicklungen<\/h3>\n<h4>Deutschland<\/h4>\n<ul>\n<li>Lokal-TV-Anbieter: TV Altenburg, Mei\u00dfen Fernsehen, Elsterwelle Hoyerswerda, PTV Pirna, Kanal9 Erzgebirge, info TV Leipzig, Muldental TV Grimmen, OK Ludwigshafen, OK Mannheim, OK Trier, Radio TV Grimmen, OK Worms, OK Hannover, Kultur MD Magdeburg, Potsdam TV, Jena TV, Infokanal Apolda, Vorpommern TV Stralsund, R\u00fcgen TV, Infokanal Bergen, Wolgast TV, Greifswald TV, NOA4 Norderstedt\/Hamburg<\/li>\n<li>Infokanal von diversen Justizvollzugsanstalten, Wohnungsgenossenschaften und Kabelnetzbetreibern wie Telecolumbus, MDCC, Wilhelm.Tel<\/li>\n<\/ul>\n<h4>\u00d6stereich<\/h4>\n<ul>\n<li>Lokal-TV-Anbieter: RTV Feldkirch, RTS Salzburg, Tirol TV Innsbruck, L\u00e4ndleTV G\u00f6tzis, Montafon TV Schruns, N1TV Brunn am Gebirge, Kanal 3 Privatfernsehen Graz, Obersteiermark, Weststeiermark, STV1 Bad Ischl, Ennstal TV Schladming, M4TV Amstetten, Rankweil TV, Infokanal Veitsch, P3TV St. P\u00f6lten<\/li>\n<li>Kabelnetzbetreiber: LiWest, UPC, Bregenz<\/li>\n<li>Stadtwerke: Kapfenberg, M\u00fcrzzuschlag<\/li>\n<li>Bergbahnen: Langes Lermoos<\/li>\n<li>ORF: Bestandteil mobiler Studiotechnik<\/li>\n<\/ul>\n<h4>Schweiz<\/h4>\n<ul>\n<li>Lokal-TV-Anbieter: Kephas TV, TV Oberwallis, TV Ossingen,<\/li>\n<li>Kabelnetzbetreiber: Basel, Frauenfeld, Oberdorf<\/li>\n<li>Stadtwerke: Aarburg, Buchs, Grenchen, Wil<\/li>\n<\/ul>\n","protected":false},"excerpt":{"rendered":"<p>Referenzen f\u00fcr TV Sendetechnik (Auswahl) DVB-Signalbereitstellung \/ Signalwandler \/ Inserter Auftragsentwicklung f\u00fcr DVB-Encoder und Daten-Inserter (internationaler Vertrieb u.a. durch Blankom und Hilkom) Media Broadcast: Produktbestandteil f\u00fcr Kunden-Signal\u00fcbergabeschnittstelle Telekom: Playersysteme f\u00fcr IP-TV Projekte ARD\/ZDF: Studiosignalbereitstellung als Bestandteil Mobiler\u00a0Studiotechnik f\u00fcr internationale Gro\u00dfveranstaltungen,<span class=\"ellipsis\">&hellip;<\/span><\/p>\n<div class=\"read-more\"><a href=\"https:\/\/www.es-manebach.de\/?page_id=534\">Weiterlesen \u203a<\/a><\/div>\n<p><!-- end of .read-more --><\/p>\n","protected":false},"author":1,"featured_media":0,"parent":0,"menu_order":0,"comment_status":"closed","ping_status":"closed","template":"","meta":[],"_links":{"self":[{"href":"https:\/\/www.es-manebach.de\/index.php?rest_route=\/wp\/v2\/pages\/534"}],"collection":[{"href":"https:\/\/www.es-manebach.de\/index.php?rest_route=\/wp\/v2\/pages"}],"about":[{"href":"https:\/\/www.es-manebach.de\/index.php?rest_route=\/wp\/v2\/types\/page"}],"author":[{"embeddable":true,"href":"https:\/\/www.es-manebach.de\/index.php?rest_route=\/wp\/v2\/users\/1"}],"replies":[{"embeddable":true,"href":"https:\/\/www.es-manebach.de\/index.php?rest_route=%2Fwp%2Fv2%2Fcomments&post=534"}],"version-history":[{"count":4,"href":"https:\/\/www.es-manebach.de\/index.php?rest_route=\/wp\/v2\/pages\/534\/revisions"}],"predecessor-version":[{"id":575,"href":"https:\/\/www.es-manebach.de\/index.php?rest_route=\/wp\/v2\/pages\/534\/revisions\/575"}],"wp:attachment":[{"href":"https:\/\/www.es-manebach.de\/index.php?rest_route=%2Fwp%2Fv2%2Fmedia&parent=534"}],"curies":[{"name":"wp","href":"https:\/\/api.w.org\/{rel}","templated":true}]}}