{"id":613,"date":"2018-05-14T12:31:48","date_gmt":"2018-05-14T10:31:48","guid":{"rendered":"http:\/\/www.es-manebach.de\/?page_id=613"},"modified":"2018-05-14T12:37:37","modified_gmt":"2018-05-14T10:37:37","slug":"datenschutzerklaerung","status":"publish","type":"page","link":"https:\/\/www.es-manebach.de\/?page_id=613","title":{"rendered":"Datenschutz"},"content":{"rendered":"<h2 class=\"western\">Datenschutzerkl\u00e4rung gem\u00e4\u00df DSGVO<\/h2>\n<p><span style=\"font-family: TheMixOsF;\">\u00dcber Ihr Interesse an der Internetseite der Engineering &amp; Software GmbH und unseren Angeboten freuen wir uns sehr. Unsere Seite k\u00f6nnen Sie grunds\u00e4tzlich ohne jede Angabe pers\u00f6nlicher Daten nutzen. Sollten im Zusammenhang mit Ihrem Besuch unserer Seite Daten gespeichert und verarbeitet werden, versichern wir dies <span style=\"color: #000000;\"><span style=\"font-size: medium;\">stets im Einklang mit der Datenschutz-Grundverordnung DSGV zu gew\u00e4hrleisten und m\u00f6chten die \u00d6ffentlichkeit hiermit \u00fcber Art, Umfang und Zweck der von uns erhobenen, genutzten und verarbeiteten personenbezogenen Daten informieren.<\/span><\/span><\/span><\/p>\n<h2 class=\"western\">Verantwortliche Stelle f\u00fcr Datenverarbeitung ist<\/h2>\n<p><span style=\"color: #000000;\"><span style=\"font-family: TheMixOsF;\"><span style=\"font-size: medium;\">e&amp;s Engineering &amp; Software GmbH<br \/>\n<\/span><\/span><\/span>Schm\u00fccker Stra\u00dfe 82a<br \/>\n98693 Ilmenau<br \/>\nTelefon: 03677\/64780<br \/>\n<a href=\"mailto:info@es-manebach.de\"><span style=\"color: #000000;\"><span style=\"font-family: TheMixOsF;\"><span style=\"font-size: medium;\">info@es-manebach.de<\/span><\/span><\/span><\/a><\/p>\n<h2 class=\"western\">Speicherung und Verarbeitung von allgemeinen Daten und Informationen<\/h2>\n<p><span style=\"color: #000000;\"><span style=\"font-family: TheMixOsF;\"><span style=\"font-size: medium;\">Die Internetseite der Engineering &amp; Software GmbH erfasst bei jedem Zugriff auf die Internetseite eine Reihe von allgemeinen Daten und Informationen \u00fcber die zugreifende Stelle. Es handelt sich in diesem Fall um allgemeine Daten, die \u00fcber das zugreifende Systeme in den Logfiles des Servers gespeichert werden. Die Daten umfassen Uhrzeit des Zugriffs, IP-Adresse und Internetserviceprovider des zugreifenden Systems, auch Browsertyp und Versionsinformationen sowie weitere \u00e4hnliche Daten und Informationen. Diese Daten werden im Zusammenhang mit dem Betrieb der Internetseite ausschlie\u00dflich f\u00fcr die Qualit\u00e4tssicherung und im Zusammenhang mit datentechnischen Angriffen unserer Server und hinterlegter Web-Seiten zum Zwecke der Gefahrenabwehr verwendet.<\/span><\/span><\/span><\/p>\n<p><span style=\"color: #000000;\"><span style=\"font-family: TheMixOsF;\"><span style=\"font-size: medium;\">Bei der Nutzung dieser allgemeinen Daten und Informationen zieht die Engineering &amp; Software GmbH keine R\u00fcckschl\u00fcsse auf die betroffene Person. Diese Informationen werden vielmehr ben\u00f6tigt, um die Inhalte unserer Internetseite korrekt auszuliefern, die Inhalte unserer Internetseite sowie die Werbung f\u00fcr diese zu optimieren, die dauerhafte Funktionsf\u00e4higkeit unserer informationstechnologischen Systeme und der Technik unserer Internetseite zu gew\u00e4hrleisten sowie um Strafverfolgungsbeh\u00f6rden im Falle eines Cyberangriffes die zur Strafverfolgung notwendigen Informationen bereitzustellen. Diese anonym erhobenen Daten und Informationen werden durch die Engineering &amp; Software GmbH daher einerseits statistisch und ferner mit dem Ziel ausgewertet, den Datenschutz und die Datensicherheit in unserem Unternehmen zu erh\u00f6hen, um letztlich ein optimales Schutzniveau f\u00fcr die von uns verarbeiteten personenbezogenen Daten sicherzustellen. Die anonymen Daten der Server-Logfiles werden getrennt von allen durch eine betroffene Person angegebenen personenbezogenen Daten gespeichert.<\/span><\/span><\/span><\/p>\n<h2 class=\"western\">Speicherung und Verarbeitung pers\u00f6nlicher Daten<\/h2>\n<p><span style=\"color: #000000;\"><span style=\"font-family: TheMixOsF;\"><span style=\"font-size: medium;\">Pers\u00f6nliche Daten und Informationen, wie Firmenbezeichnungen, Namen, Adressen, Bankverbindungen, Ansprechpartner u.\u00e4., die Sie uns gem\u00e4\u00df Art. 6 Abs. 1 DSGVO zum Zwecke der Erbringung von Gesch\u00e4ften und Dienstleistungen \u00fcberlassen, verarbeiten und speichern wir ausschlie\u00dflich f\u00fcr diesen Zweck. <\/span><\/span><\/span><\/p>\n<h2 class=\"western\">Speicherdauer<\/h2>\n<p><span style=\"color: #000000;\"><span style=\"font-family: TheMixOsF;\"><span style=\"font-size: medium;\">Der f\u00fcr die Verarbeitung Verantwortliche verarbeitet und speichert personenbezogene Daten der betroffenen Person nur f\u00fcr den Zeitraum, der zur Erreichung des Speicherungszwecks erforderlich ist oder sofern dies durch den Europ\u00e4ischen Richtlinien- und Verordnungsgeber oder einen anderen Gesetzgeber in Gesetzen oder Vorschriften, welchen der f\u00fcr die Verarbeitung Verantwortliche unterliegt, vorgesehen wurde.<\/span><\/span><\/span><\/p>\n<p><span style=\"color: #000000;\"><span style=\"font-family: TheMixOsF;\"><span style=\"font-size: medium;\">Entf\u00e4llt der Speicherungszweck oder l\u00e4uft eine vom Europ\u00e4ischen Richtlinien- und Verordnungsgeber oder einem anderen zust\u00e4ndigen Gesetzgeber vorgeschriebene Speicherfrist ab, werden die personenbezogenen Daten routinem\u00e4\u00dfig und entsprechend den gesetzlichen Vorschriften gesperrt oder gel\u00f6scht.<\/span><\/span><\/span><\/p>\n<p><span style=\"color: #000000;\"><span style=\"font-family: TheMixOsF;\"><span style=\"font-size: medium;\">Die Speicherdauer der allgemeinen Daten auf unserem Internet-Server betr\u00e4gt 7 Tage. <\/span><\/span><\/span><\/p>\n<h2 class=\"western\">Betroffenenrechte<\/h2>\n<p><span style=\"color: #000000;\"><span style=\"font-family: TheMixOsF;\"><span style=\"font-size: medium;\">Jede betroffene Person hat das <b>Recht auf Auskunft <\/b>nach Art. 15 DSGV, das <b>Recht auf Berichtigung<\/b> nach Art. 16 DSGV, das <b>Recht auf L\u00f6schung<\/b> gem\u00e4\u00df Art. 17 DSGV, das R<b>echt auf Einschr\u00e4nkung der Verarbeitung<\/b> nach Art. 18 DSGV sowie das <b>Recht auf Daten\u00fcbertragbarkeit<\/b> nach Art 20 DSGV. Gem\u00e4\u00df Art. 77 DSGV besteht ein <b>Beschwerderecht<\/b> bei der Datenschutzaufsichtsbeh\u00f6rde.<\/span><\/span><\/span><\/p>\n<p><span style=\"color: #000000;\"><span style=\"font-family: TheMixOsF;\"><span style=\"font-size: medium;\">Zur Aus\u00fcbung des <b>Rechts auf Widerspruch<\/b> kann sich die betroffene Person direkt an jeden Mitarbeiter der Engineering &amp; Software GmbH wenden. <\/span><\/span><\/span><\/p>\n<h2 class=\"western\">Rechtsgrundlage der Verarbeitung<\/h2>\n<p><span style=\"color: #000000;\"><span style=\"font-family: TheMixOsF;\"><span style=\"font-size: medium;\">Art. 6 a DSGVO dient unserem Unternehmen als Rechtsgrundlage f\u00fcr Verarbeitungsvorg\u00e4nge, bei denen wir eine Einwilligung f\u00fcr einen bestimmten Verarbeitungszweck einholen. Ist die Verarbeitung personenbezogener Daten zur Erf\u00fcllung eines Vertrags, dessen Vertragspartei die betroffene Person ist, erforderlich, wie dies beispielsweise bei Verarbeitungsvorg\u00e4ngen der Fall ist, die f\u00fcr eine Lieferung von Waren oder die Erbringung einer sonstigen Leistung oder Gegenleistung notwendig sind, so beruht die Verarbeitung auf Art. 6 b DSGVO. Gleiches gilt f\u00fcr solche Verarbeitungsvorg\u00e4nge die zur Durchf\u00fchrung vorvertraglicher Ma\u00dfnahmen erforderlich sind, etwa in F\u00e4llen von Anfragen zur unseren Produkten oder Leistungen. Unterliegt unser Unternehmen einer rechtlichen Verpflichtung durch welche eine Verarbeitung von personenbezogenen Daten erforderlich wird, wie beispielsweise zur Erf\u00fcllung steuerlicher Pflichten, so basiert die Verarbeitung auf Art. 6 c DSGVO. In seltenen F\u00e4llen k\u00f6nnte die Verarbeitung von personenbezogenen Daten erforderlich werden, um lebenswichtige Interessen der betroffenen Person oder einer anderen nat\u00fcrlichen Person zu sch\u00fctzen. Dies w\u00e4re beispielsweise der Fall, wenn ein Besucher in unserem Betrieb verletzt werden w\u00fcrde und daraufhin sein Name, sein Alter, seine Krankenkassendaten oder sonstige lebenswichtige Informationen an einen Arzt, ein Krankenhaus oder sonstige Dritte weitergegeben werden m\u00fcssten. Dann w\u00fcrde die Verarbeitung auf Art. 6 d DSGVO beruhen. Letztlich k\u00f6nnten Verarbeitungsvorg\u00e4nge auf Art. 6 f DSGVO beruhen. Auf dieser Rechtsgrundlage basieren Verarbeitungsvorg\u00e4nge, die von keiner der vorgenannten Rechtsgrundlagen erfasst werden, wenn die Verarbeitung zur Wahrung eines berechtigten Interesses unseres Unternehmens oder eines Dritten erforderlich ist, sofern die Interessen, Grundrechte und Grundfreiheiten des Betroffenen nicht \u00fcberwiegen. Solche Verarbeitungsvorg\u00e4nge sind uns insbesondere deshalb gestattet, weil sie durch den Europ\u00e4ischen Gesetzgeber besonders erw\u00e4hnt wurden. Er vertrat insoweit die Auffassung, dass ein berechtigtes Interesse anzunehmen sein k\u00f6nnte, wenn die betroffene Person ein Kunde des Verantwortlichen ist (Erw\u00e4gungsgrund 47 Satz 2 DSGVO). <\/span><\/span><\/span><\/p>\n<h2 class=\"western\">Bestehen einer automatisierten Entscheidungsfindung<\/h2>\n<p><span style=\"color: #000000;\"><span style=\"font-family: TheMixOsF;\"><span style=\"font-size: medium;\">Als verantwortungsbewusstes Unternehmen verzichten wir auf eine automatische Entscheidungsfindung oder ein Profiling.<\/span><\/span><\/span><\/p>\n<p>Ilmenau, 14.05.2018<\/p>\n","protected":false},"excerpt":{"rendered":"<p>Datenschutzerkl\u00e4rung gem\u00e4\u00df DSGVO \u00dcber Ihr Interesse an der Internetseite der Engineering &amp; Software GmbH und unseren Angeboten freuen wir uns sehr. Unsere Seite k\u00f6nnen Sie grunds\u00e4tzlich ohne jede Angabe pers\u00f6nlicher Daten nutzen. Sollten im Zusammenhang mit Ihrem Besuch unserer Seite<span class=\"ellipsis\">&hellip;<\/span><\/p>\n<div class=\"read-more\"><a href=\"https:\/\/www.es-manebach.de\/?page_id=613\">Weiterlesen \u203a<\/a><\/div>\n<p><!-- end of .read-more --><\/p>\n","protected":false},"author":1,"featured_media":0,"parent":0,"menu_order":0,"comment_status":"closed","ping_status":"closed","template":"","meta":[],"_links":{"self":[{"href":"https:\/\/www.es-manebach.de\/index.php?rest_route=\/wp\/v2\/pages\/613"}],"collection":[{"href":"https:\/\/www.es-manebach.de\/index.php?rest_route=\/wp\/v2\/pages"}],"about":[{"href":"https:\/\/www.es-manebach.de\/index.php?rest_route=\/wp\/v2\/types\/page"}],"author":[{"embeddable":true,"href":"https:\/\/www.es-manebach.de\/index.php?rest_route=\/wp\/v2\/users\/1"}],"replies":[{"embeddable":true,"href":"https:\/\/www.es-manebach.de\/index.php?rest_route=%2Fwp%2Fv2%2Fcomments&post=613"}],"version-history":[{"count":5,"href":"https:\/\/www.es-manebach.de\/index.php?rest_route=\/wp\/v2\/pages\/613\/revisions"}],"predecessor-version":[{"id":619,"href":"https:\/\/www.es-manebach.de\/index.php?rest_route=\/wp\/v2\/pages\/613\/revisions\/619"}],"wp:attachment":[{"href":"https:\/\/www.es-manebach.de\/index.php?rest_route=%2Fwp%2Fv2%2Fmedia&parent=613"}],"curies":[{"name":"wp","href":"https:\/\/api.w.org\/{rel}","templated":true}]}}