{"id":62,"date":"2015-03-09T14:06:48","date_gmt":"2015-03-09T13:06:48","guid":{"rendered":"http:\/\/172.16.20.178\/?page_id=62"},"modified":"2015-04-02T13:54:08","modified_gmt":"2015-04-02T13:54:08","slug":"induktive-erwaermung","status":"publish","type":"page","link":"https:\/\/www.es-manebach.de\/?page_id=62","title":{"rendered":"Industrieautomation"},"content":{"rendered":"<p><strong>Induktive Erw\u00e4rmung<\/strong><br \/>\n<a href=\"http:\/\/homepage.es-manebach.de\/wp-content\/uploads\/2015\/03\/Abguss.jpg\"><img decoding=\"async\" loading=\"lazy\" class=\" size-large wp-image-300 aligncenter\" src=\"http:\/\/homepage.es-manebach.de\/wp-content\/uploads\/2015\/03\/Abguss-1024x289.jpg\" alt=\"Abguss\" width=\"605\" height=\"171\" srcset=\"https:\/\/www.es-manebach.de\/wp-content\/uploads\/2015\/03\/Abguss-1024x289.jpg 1024w, https:\/\/www.es-manebach.de\/wp-content\/uploads\/2015\/03\/Abguss-300x85.jpg 300w, https:\/\/www.es-manebach.de\/wp-content\/uploads\/2015\/03\/Abguss-100x28.jpg 100w, https:\/\/www.es-manebach.de\/wp-content\/uploads\/2015\/03\/Abguss-150x42.jpg 150w, https:\/\/www.es-manebach.de\/wp-content\/uploads\/2015\/03\/Abguss-200x56.jpg 200w, https:\/\/www.es-manebach.de\/wp-content\/uploads\/2015\/03\/Abguss-450x127.jpg 450w, https:\/\/www.es-manebach.de\/wp-content\/uploads\/2015\/03\/Abguss-600x169.jpg 600w, https:\/\/www.es-manebach.de\/wp-content\/uploads\/2015\/03\/Abguss-900x254.jpg 900w, https:\/\/www.es-manebach.de\/wp-content\/uploads\/2015\/03\/Abguss.jpg 1646w\" sizes=\"(max-width: 605px) 100vw, 605px\" \/><\/a>F\u00fcr mehrere Hersteller von Induktionsschmelz\u00f6fen sind PC-gest\u00fctzte Steuerungs- &amp; Visualisierungs-Systeme (sogenannte e&amp;s-Schmelzprozessoren) entwickelt worden. Sie sind seit mehreren Jahren auf dem Markt und werden st\u00e4ndig weiterentwickelt. Oberstes Gebot sind Zuverl\u00e4ssigkeit, einfache Bedienung und klare Darstellung der Zusammenh\u00e4nge in optisch ansprechender Weise.<\/p>\n<p><strong>Zentrales Steuermodul f\u00fcr Leistungsumrichter<\/strong><\/p>\n<p><a href=\"http:\/\/homepage.es-manebach.de\/wp-content\/uploads\/2015\/04\/Gl\u00fchend3.jpg\"><img decoding=\"async\" loading=\"lazy\" class=\"aligncenter  wp-image-456\" src=\"http:\/\/homepage.es-manebach.de\/wp-content\/uploads\/2015\/04\/Gl\u00fchend3.jpg\" alt=\"Gl\u00fchend3\" width=\"613\" height=\"108\" srcset=\"https:\/\/www.es-manebach.de\/wp-content\/uploads\/2015\/04\/Gl\u00fchend3.jpg 460w, https:\/\/www.es-manebach.de\/wp-content\/uploads\/2015\/04\/Gl\u00fchend3-300x53.jpg 300w, https:\/\/www.es-manebach.de\/wp-content\/uploads\/2015\/04\/Gl\u00fchend3-100x18.jpg 100w, https:\/\/www.es-manebach.de\/wp-content\/uploads\/2015\/04\/Gl\u00fchend3-150x26.jpg 150w, https:\/\/www.es-manebach.de\/wp-content\/uploads\/2015\/04\/Gl\u00fchend3-200x35.jpg 200w, https:\/\/www.es-manebach.de\/wp-content\/uploads\/2015\/04\/Gl\u00fchend3-450x79.jpg 450w\" sizes=\"(max-width: 613px) 100vw, 613px\" \/><\/a><a href=\"http:\/\/homepage.es-manebach.de\/wp-content\/uploads\/2015\/04\/Gl\u00fchende_Kette-e1427982113628.jpg\"><br \/>\n<\/a>F\u00fcr das Maschinenbauunternehmen EMA-INDUTEC in Meckesheim entwickelt, produziert und liefert e&amp;s \u00a0universelle Steuerkomponenten f\u00fcr Leistungsumrichter, die unterschiedlichste Umrichter-Betriebsarten, -Frequenzg\u00e4nge und -Leistungsklassen unterst\u00fctzen.<\/p>\n<p>Die in programmierbarer Logik mit prozessorunterst\u00fctzter Datenverarbeitung realisierte Elektronik justiert sich automatisch auf die physikalischen Eigenschaften der Umrichter-Endstufe und treibt mit h\u00f6chster Zuverl\u00e4ssigkeit Systeme an, die Leistungsums\u00e4tze bis in den Megawatt-Bereich hinein realisieren.<\/p>\n","protected":false},"excerpt":{"rendered":"<p>Induktive Erw\u00e4rmung F\u00fcr mehrere Hersteller von Induktionsschmelz\u00f6fen sind PC-gest\u00fctzte Steuerungs- &amp; Visualisierungs-Systeme (sogenannte e&amp;s-Schmelzprozessoren) entwickelt worden. Sie sind seit mehreren Jahren auf dem Markt und werden st\u00e4ndig weiterentwickelt. Oberstes Gebot sind Zuverl\u00e4ssigkeit, einfache Bedienung und klare Darstellung der Zusammenh\u00e4nge in<span class=\"ellipsis\">&hellip;<\/span><\/p>\n<div class=\"read-more\"><a href=\"https:\/\/www.es-manebach.de\/?page_id=62\">Weiterlesen \u203a<\/a><\/div>\n<p><!-- end of .read-more --><\/p>\n","protected":false},"author":2,"featured_media":58,"parent":0,"menu_order":0,"comment_status":"closed","ping_status":"closed","template":"","meta":[],"_links":{"self":[{"href":"https:\/\/www.es-manebach.de\/index.php?rest_route=\/wp\/v2\/pages\/62"}],"collection":[{"href":"https:\/\/www.es-manebach.de\/index.php?rest_route=\/wp\/v2\/pages"}],"about":[{"href":"https:\/\/www.es-manebach.de\/index.php?rest_route=\/wp\/v2\/types\/page"}],"author":[{"embeddable":true,"href":"https:\/\/www.es-manebach.de\/index.php?rest_route=\/wp\/v2\/users\/2"}],"replies":[{"embeddable":true,"href":"https:\/\/www.es-manebach.de\/index.php?rest_route=%2Fwp%2Fv2%2Fcomments&post=62"}],"version-history":[{"count":8,"href":"https:\/\/www.es-manebach.de\/index.php?rest_route=\/wp\/v2\/pages\/62\/revisions"}],"predecessor-version":[{"id":457,"href":"https:\/\/www.es-manebach.de\/index.php?rest_route=\/wp\/v2\/pages\/62\/revisions\/457"}],"wp:featuredmedia":[{"embeddable":true,"href":"https:\/\/www.es-manebach.de\/index.php?rest_route=\/"}],"wp:attachment":[{"href":"https:\/\/www.es-manebach.de\/index.php?rest_route=%2Fwp%2Fv2%2Fmedia&parent=62"}],"curies":[{"name":"wp","href":"https:\/\/api.w.org\/{rel}","templated":true}]}}