{"id":636,"date":"2020-02-21T14:25:06","date_gmt":"2020-02-21T13:25:06","guid":{"rendered":"http:\/\/www.es-manebach.de\/?page_id=636"},"modified":"2020-02-25T16:26:40","modified_gmt":"2020-02-25T15:26:40","slug":"digital-signage","status":"publish","type":"page","link":"https:\/\/www.es-manebach.de\/?page_id=636","title":{"rendered":"Digital Signage"},"content":{"rendered":"\n<h3>Zielgruppen<\/h3>\n\n\n\n<p>Hotels | Krankenh\u00e4user | Reha-Kliniken | Tourismus-B\u00fcros | Tourismus-Regionen | Wohnungsgesellschaften | Verkehrsstationen | Verkaufseinrichtungen | Messeh\u00e4user | Kongresszentren | Universit\u00e4ten | Kreuzfahrtschiffen<\/p>\n\n\n\n<figure class=\"wp-block-image\"><img decoding=\"async\" loading=\"lazy\" width=\"858\" height=\"479\" src=\"http:\/\/www.es-manebach.de\/wp-content\/uploads\/2020\/02\/Hotel.jpeg\" alt=\"\" class=\"wp-image-721\" srcset=\"https:\/\/www.es-manebach.de\/wp-content\/uploads\/2020\/02\/Hotel.jpeg 858w, https:\/\/www.es-manebach.de\/wp-content\/uploads\/2020\/02\/Hotel-300x167.jpeg 300w, https:\/\/www.es-manebach.de\/wp-content\/uploads\/2020\/02\/Hotel-768x429.jpeg 768w, https:\/\/www.es-manebach.de\/wp-content\/uploads\/2020\/02\/Hotel-100x56.jpeg 100w, https:\/\/www.es-manebach.de\/wp-content\/uploads\/2020\/02\/Hotel-150x84.jpeg 150w, https:\/\/www.es-manebach.de\/wp-content\/uploads\/2020\/02\/Hotel-200x112.jpeg 200w, https:\/\/www.es-manebach.de\/wp-content\/uploads\/2020\/02\/Hotel-450x251.jpeg 450w, https:\/\/www.es-manebach.de\/wp-content\/uploads\/2020\/02\/Hotel-600x335.jpeg 600w\" sizes=\"(max-width: 858px) 100vw, 858px\" \/><figcaption>Interaktive Informationstafel auf einem Touch-Display<br><\/figcaption><\/figure>\n\n\n\n<h3><a href=\"http:\/\/www.es-manebach.de\/?page_id=639\">Smart Info Screen &#8211; Plattform f\u00fcr L\u00f6sungen  <\/a><\/h3>\n\n\n\n<h3><a href=\"http:\/\/www.es-manebach.de\/?page_id=639\">Smart Info Screen &#8211; Produkte<\/a><\/h3>\n","protected":false},"excerpt":{"rendered":"<p>Zielgruppen Hotels | Krankenh\u00e4user | Reha-Kliniken | Tourismus-B\u00fcros | Tourismus-Regionen | Wohnungsgesellschaften | Verkehrsstationen | Verkaufseinrichtungen | Messeh\u00e4user | Kongresszentren | Universit\u00e4ten | Kreuzfahrtschiffen Smart Info Screen &#8211; Plattform f\u00fcr L\u00f6sungen Smart Info Screen &#8211; Produkte<\/p>\n","protected":false},"author":1,"featured_media":0,"parent":0,"menu_order":0,"comment_status":"closed","ping_status":"closed","template":"","meta":[],"_links":{"self":[{"href":"https:\/\/www.es-manebach.de\/index.php?rest_route=\/wp\/v2\/pages\/636"}],"collection":[{"href":"https:\/\/www.es-manebach.de\/index.php?rest_route=\/wp\/v2\/pages"}],"about":[{"href":"https:\/\/www.es-manebach.de\/index.php?rest_route=\/wp\/v2\/types\/page"}],"author":[{"embeddable":true,"href":"https:\/\/www.es-manebach.de\/index.php?rest_route=\/wp\/v2\/users\/1"}],"replies":[{"embeddable":true,"href":"https:\/\/www.es-manebach.de\/index.php?rest_route=%2Fwp%2Fv2%2Fcomments&post=636"}],"version-history":[{"count":10,"href":"https:\/\/www.es-manebach.de\/index.php?rest_route=\/wp\/v2\/pages\/636\/revisions"}],"predecessor-version":[{"id":797,"href":"https:\/\/www.es-manebach.de\/index.php?rest_route=\/wp\/v2\/pages\/636\/revisions\/797"}],"wp:attachment":[{"href":"https:\/\/www.es-manebach.de\/index.php?rest_route=%2Fwp%2Fv2%2Fmedia&parent=636"}],"curies":[{"name":"wp","href":"https:\/\/api.w.org\/{rel}","templated":true}]}}