{"id":639,"date":"2020-02-21T14:47:18","date_gmt":"2020-02-21T13:47:18","guid":{"rendered":"http:\/\/www.es-manebach.de\/?page_id=639"},"modified":"2024-09-04T12:28:56","modified_gmt":"2024-09-04T10:28:56","slug":"smart-infoscreen-sis","status":"publish","type":"page","link":"https:\/\/www.es-manebach.de\/?page_id=639","title":{"rendered":"Smart Info Screen SIS"},"content":{"rendered":"\n<p>Unser Kooperationspartner f\u00fcr das Produkt &#8222;Smart Info Screen&#8220; ist die HLkomm Telekommunikations GmbH. Weitere Informationen finden Sie unter: <a rel=\"noreferrer noopener\" href=\"https:\/\/smart-infoscreen.de\/\" data-type=\"URL\" data-id=\"https:\/\/smart-infoscreen.de\/\" target=\"_blank\">https:\/\/smart-infoscreen.de\/<\/a><\/p>\n\n\n\n<figure class=\"wp-block-image\"><img decoding=\"async\" loading=\"lazy\" width=\"1024\" height=\"683\" src=\"http:\/\/www.es-manebach.de\/wp-content\/uploads\/2020\/02\/iStock_Lobby-1024x683.jpg\" alt=\"\" class=\"wp-image-641\" srcset=\"https:\/\/www.es-manebach.de\/wp-content\/uploads\/2020\/02\/iStock_Lobby-1024x683.jpg 1024w, https:\/\/www.es-manebach.de\/wp-content\/uploads\/2020\/02\/iStock_Lobby-300x200.jpg 300w, https:\/\/www.es-manebach.de\/wp-content\/uploads\/2020\/02\/iStock_Lobby-768x512.jpg 768w, https:\/\/www.es-manebach.de\/wp-content\/uploads\/2020\/02\/iStock_Lobby-100x67.jpg 100w, https:\/\/www.es-manebach.de\/wp-content\/uploads\/2020\/02\/iStock_Lobby-150x100.jpg 150w, https:\/\/www.es-manebach.de\/wp-content\/uploads\/2020\/02\/iStock_Lobby-200x133.jpg 200w, https:\/\/www.es-manebach.de\/wp-content\/uploads\/2020\/02\/iStock_Lobby-450x300.jpg 450w, https:\/\/www.es-manebach.de\/wp-content\/uploads\/2020\/02\/iStock_Lobby-600x400.jpg 600w, https:\/\/www.es-manebach.de\/wp-content\/uploads\/2020\/02\/iStock_Lobby-900x600.jpg 900w\" sizes=\"(max-width: 1024px) 100vw, 1024px\" \/><\/figure>\n\n\n\n<p class=\"has-large-font-size\"><strong>Interaktiv. Intuitiv. Modern.<\/strong><\/p>\n\n\n\n<h3>Zielgruppen<\/h3>\n\n\n\n<p>Hotels | Krankenh\u00e4user | Reha-Kliniken | Tourismus-B\u00fcros | Tourismus-Regionen | Wohnungsgesellschaften | Verkehrsstationen | Verkaufseinrichtungen | Messeh\u00e4user | Kongresszentren | Universit\u00e4ten | Kreuzfahrtschiffen<\/p>\n\n\n\n<h3>Plattform<\/h3>\n\n\n\n<p>Smart Info Screen ist ein Informationskonzept, das es erlaubt, eine Vielzahl unterschiedlicher Informationen zu erfassen, aufzubereiten und individuell auf unterschiedlichste Ausgabeger\u00e4te zu verteilen. Interaktive Kommunikationen sind m\u00f6glich.<\/p>\n\n\n\n<figure class=\"wp-block-image\"><img decoding=\"async\" src=\"http:\/\/www.es-manebach.de\/wp-content\/uploads\/2020\/02\/touch-display-mmc-1024x641.jpg\" alt=\"This image has an empty alt attribute; its file name is touch-display-mmc-1024x641.jpg\"\/><figcaption class=\"wp-element-caption\">Anwendungsbeispiel SIS-Haustafel<\/figcaption><\/figure>\n\n\n\n<h3>Datenerfassung<\/h3>\n\n\n\n<p>Die Datenerfassung erfolgt \u00fcber das web-basierte Managementsystem RedaSys. Die integrierte Nutzerverwaltung erlaubt eine Rollen- und Rechte-Vergabe. Datenquellen k\u00f6nnen sein:<\/p>\n\n\n\n<ul>\n<li>manuell bereitgestellte Informationen: Bilder, Texte, Videos <\/li>\n\n\n\n<li>Videos oder Bilder von Web-Cams <\/li>\n\n\n\n<li>RSS-Feeds <\/li>\n\n\n\n<li>individuelle Wetterdaten <\/li>\n\n\n\n<li>automatisch zugeteilte Werbeinhalte <\/li>\n\n\n\n<li>Verkehrs- und Fahrplandaten \u00f6ffentlicher Datenbanken<\/li>\n\n\n\n<li>ereignisbezogene vordefinierte Meldungen (Alarmmeldungen, Serviceinformationen) <\/li>\n<\/ul>\n\n\n\n<figure class=\"wp-block-image\"><img decoding=\"async\" loading=\"lazy\" width=\"746\" height=\"322\" src=\"http:\/\/www.es-manebach.de\/wp-content\/uploads\/2020\/02\/Alarmmeldung.jpg\" alt=\"\" class=\"wp-image-799\" srcset=\"https:\/\/www.es-manebach.de\/wp-content\/uploads\/2020\/02\/Alarmmeldung.jpg 746w, https:\/\/www.es-manebach.de\/wp-content\/uploads\/2020\/02\/Alarmmeldung-300x129.jpg 300w, https:\/\/www.es-manebach.de\/wp-content\/uploads\/2020\/02\/Alarmmeldung-100x43.jpg 100w, https:\/\/www.es-manebach.de\/wp-content\/uploads\/2020\/02\/Alarmmeldung-150x65.jpg 150w, https:\/\/www.es-manebach.de\/wp-content\/uploads\/2020\/02\/Alarmmeldung-200x86.jpg 200w, https:\/\/www.es-manebach.de\/wp-content\/uploads\/2020\/02\/Alarmmeldung-450x194.jpg 450w, https:\/\/www.es-manebach.de\/wp-content\/uploads\/2020\/02\/Alarmmeldung-600x259.jpg 600w\" sizes=\"(max-width: 746px) 100vw, 746px\" \/><figcaption class=\"wp-element-caption\">Servicemeldung f\u00fcr die Bewohner einer Wohnanlage<\/figcaption><\/figure>\n\n\n\n<h3>Informations- und Datenausgabe<\/h3>\n\n\n\n<p>Die Informationsausgabe wird \u00fcber SIS-Controller realisiert, die unterschiedlichste Ausgabeeinheiten bedienen k\u00f6nnen und je nach Pr\u00e4sentationsaufgabe in ihren Leistungen und Schnittsllen variiren. Folgende Ausgabeger\u00e4te werden unterst\u00fctzt:<\/p>\n\n\n\n<ul>\n<li>Videomonitore und Videow\u00e4nde mit SD, HD, UHD Aufl\u00f6sung<\/li>\n\n\n\n<li>Touchscreen Monitore  <\/li>\n\n\n\n<li>HbbTV Ger\u00e4te <\/li>\n\n\n\n<li>LED Paneele <\/li>\n\n\n\n<li>Formular- und Label-Drucker <\/li>\n\n\n\n<li>Audio Verst\u00e4rker <\/li>\n\n\n\n<li>Schalteinrichtungen <\/li>\n<\/ul>\n\n\n\n<h3>Datensicherheit<\/h3>\n\n\n\n<p>Die zentrale Plattform ist in einem zertifizierten Rechenzentrum innerhalb einer Sicherheitsumgebung installiert, an die die Ausgabe und Anzeigeger\u00e4te ausschlie\u00dflich \u00fcber VPN (Virtuelles Privates Netzwerk) angeschlossen werden.  <br><br><\/p>\n\n\n\n<h3>Eigenschaften<\/h3>\n\n\n\n<ul>\n<li>Interaktiv und R\u00fcckkanalf\u00e4hig<\/li>\n\n\n\n<li>Ein Redaktionssystem mit umfangreicher Rechteverwaltung<\/li>\n\n\n\n<li>Intuitive und einfache redaktionelle Benutzeroberfl\u00e4che<\/li>\n\n\n\n<li>Informationen k\u00f6nnen einzelnen, mehreren oder allen Anzeigen zugeordnet werden<\/li>\n\n\n\n<li>Einbindung von Text-, Bild-, Video-, Wetterinformation, RSS-Feed, WEB-Cam, Live-Stream, u.v.m. in einer Oberfl\u00e4che<\/li>\n\n\n\n<li>Datenbankanbindung m\u00f6glich (z.B. zu Verkehrsbetrieben)<\/li>\n\n\n\n<li>Automatisierte Konvertierung verschiedenster Grafik und Videoformate&nbsp;<\/li>\n\n\n\n<li>Auch darstellbar in TV-Netzen durch HbbTV- Technologie<\/li>\n<\/ul>\n\n\n\n<h3>Anwendungsbeispiele<\/h3>\n\n\n\n<p><a href=\"http:\/\/www.es-manebach.de\/?page_id=654\">SIS Wegeleitsystem<\/a><\/p>\n\n\n\n<p><a href=\"http:\/\/www.es-manebach.de\/?page_id=681(opens in a new tab)\">SIS Point Of Sales<\/a><\/p>\n\n\n\n<p><a href=\"http:\/\/www.es-manebach.de\/?page_id=655\">SIS Wohnungswirtschaft<\/a><\/p>\n\n\n\n<p><a href=\"http:\/\/www.es-manebach.de\/?page_id=668\">SIS Fahrplananzeige<\/a><\/p>\n\n\n\n<h4><a href=\"http:\/\/www.es-manebach.de\/?page_id=705\">Produkt-Pakete<\/a><\/h4>\n\n\n\n<h4><a href=\"http:\/\/www.es-manebach.de\/?page_id=698\">SIS Controller<\/a><\/h4>\n","protected":false},"excerpt":{"rendered":"<p>Unser Kooperationspartner f\u00fcr das Produkt &#8222;Smart Info Screen&#8220; ist die HLkomm Telekommunikations GmbH. Weitere Informationen finden Sie unter: https:\/\/smart-infoscreen.de\/ Interaktiv. Intuitiv. Modern. Zielgruppen Hotels | Krankenh\u00e4user | Reha-Kliniken | Tourismus-B\u00fcros | Tourismus-Regionen | Wohnungsgesellschaften | Verkehrsstationen | Verkaufseinrichtungen | Messeh\u00e4user<span class=\"ellipsis\">&hellip;<\/span><\/p>\n<div class=\"read-more\"><a href=\"https:\/\/www.es-manebach.de\/?page_id=639\">Weiterlesen \u203a<\/a><\/div>\n<p><!-- end of .read-more --><\/p>\n","protected":false},"author":1,"featured_media":0,"parent":0,"menu_order":0,"comment_status":"closed","ping_status":"closed","template":"","meta":[],"_links":{"self":[{"href":"https:\/\/www.es-manebach.de\/index.php?rest_route=\/wp\/v2\/pages\/639"}],"collection":[{"href":"https:\/\/www.es-manebach.de\/index.php?rest_route=\/wp\/v2\/pages"}],"about":[{"href":"https:\/\/www.es-manebach.de\/index.php?rest_route=\/wp\/v2\/types\/page"}],"author":[{"embeddable":true,"href":"https:\/\/www.es-manebach.de\/index.php?rest_route=\/wp\/v2\/users\/1"}],"replies":[{"embeddable":true,"href":"https:\/\/www.es-manebach.de\/index.php?rest_route=%2Fwp%2Fv2%2Fcomments&post=639"}],"version-history":[{"count":25,"href":"https:\/\/www.es-manebach.de\/index.php?rest_route=\/wp\/v2\/pages\/639\/revisions"}],"predecessor-version":[{"id":927,"href":"https:\/\/www.es-manebach.de\/index.php?rest_route=\/wp\/v2\/pages\/639\/revisions\/927"}],"wp:attachment":[{"href":"https:\/\/www.es-manebach.de\/index.php?rest_route=%2Fwp%2Fv2%2Fmedia&parent=639"}],"curies":[{"name":"wp","href":"https:\/\/api.w.org\/{rel}","templated":true}]}}