{"id":65,"date":"2015-03-09T14:16:49","date_gmt":"2015-03-09T13:16:49","guid":{"rendered":"http:\/\/172.16.20.178\/?page_id=65"},"modified":"2015-04-05T15:36:49","modified_gmt":"2015-04-05T15:36:49","slug":"inka4c","status":"publish","type":"page","link":"https:\/\/www.es-manebach.de\/?page_id=65","title":{"rendered":"INKA4c"},"content":{"rendered":"<p style=\"text-align: justify;\">F\u00fcr komplexe TV- oder Infokanal-Anwendungen wurde das System INKA4c entwickelt, zu dessen Basisausstattung ein integrierter Modulator f\u00fcr DVB-C oder DVB-T Einspeisungen geh\u00f6rt. Funktionell stehen 4 steuerbare Videoausspieler f\u00fcr die Generierung vollst\u00e4ndiger HD bzw. SDTV-Programme zur Verf\u00fcgung. Optional ist auch die Ausspielung von UHD Inhalten m\u00f6glich. Neben dem bereitgestellten QAM-modulierten Ausgangssignal k\u00f6nnen f\u00fcr erweiterte Anwendungen optional auch ASI oder IP-Ausg\u00e4nge aktiviert werden. F\u00fcr die Verarbeitung von Eingangssignalen stehen MPEG-2 SD Encoder, H.264\/AVC HD Encoder Transcoder Baugruppen sowie ein ASI Eingang mit integriertem Servicefilter zur Verf\u00fcgung. Abh\u00e4ngig vom gew\u00e4hlten Encoder sind analoge TV Signale, SDI oder HDMI Eingangssignale integrierbar. F\u00fcr die Systemkonfiguration stellt das Ger\u00e4t ein Webinterface bereit.<\/p>\n<p><a href=\"http:\/\/homepage.es-manebach.de\/wp-content\/uploads\/2015\/03\/Front.jpg\"><img decoding=\"async\" loading=\"lazy\" class=\" size-large wp-image-304 aligncenter\" src=\"http:\/\/homepage.es-manebach.de\/wp-content\/uploads\/2015\/03\/Front-1024x93.jpg\" alt=\"Front\" width=\"605\" height=\"55\" srcset=\"https:\/\/www.es-manebach.de\/wp-content\/uploads\/2015\/03\/Front-1024x93.jpg 1024w, https:\/\/www.es-manebach.de\/wp-content\/uploads\/2015\/03\/Front-300x27.jpg 300w, https:\/\/www.es-manebach.de\/wp-content\/uploads\/2015\/03\/Front-100x9.jpg 100w, https:\/\/www.es-manebach.de\/wp-content\/uploads\/2015\/03\/Front-150x14.jpg 150w, https:\/\/www.es-manebach.de\/wp-content\/uploads\/2015\/03\/Front-200x18.jpg 200w, https:\/\/www.es-manebach.de\/wp-content\/uploads\/2015\/03\/Front-450x41.jpg 450w, https:\/\/www.es-manebach.de\/wp-content\/uploads\/2015\/03\/Front-600x54.jpg 600w, https:\/\/www.es-manebach.de\/wp-content\/uploads\/2015\/03\/Front-900x81.jpg 900w\" sizes=\"(max-width: 605px) 100vw, 605px\" \/><\/a><\/p>\n<p style=\"text-align: justify;\">Mit der Programmablaufsteuerung lassen sich Sendeschleifen und Wochenprogramme erzeugen. Auch digitale Programmstr\u00f6me der Eingangsbaugruppen k\u00f6nnen in das gestaltete und zeitlich strukturierte Programm eingef\u00fcgt und nachbearbeitet werden.<\/p>\n<p style=\"text-align: justify;\">F\u00fcr fern\u00fcberwachte Systeme k\u00f6nnen\u00a0SNMP Funktionen aktiviert werden.<\/p>\n<p style=\"text-align: justify;\">Zur Bedienung der INKA Ger\u00e4te stehen wahlweise das\u00a0Windows-Programm <a href=\"http:\/\/homepage.es-manebach.de\/?page_id=131 \">ViTex-Sendeplan<\/a> f\u00fcr eine Einzelplatz-Bedienung oder das\u00a0Server-gest\u00fctzte Managementsystem <a href=\"http:\/\/homepage.es-manebach.de\/?page_id=134%20\">RedaSys<\/a> \u00a0f\u00fcr verteilte Redaktionen und die Bedienung mehrerer Ausgabegruppen zur Verf\u00fcgung.<\/p>\n","protected":false},"excerpt":{"rendered":"<p>F\u00fcr komplexe TV- oder Infokanal-Anwendungen wurde das System INKA4c entwickelt, zu dessen Basisausstattung ein integrierter Modulator f\u00fcr DVB-C oder DVB-T Einspeisungen geh\u00f6rt. Funktionell stehen 4 steuerbare Videoausspieler f\u00fcr die Generierung vollst\u00e4ndiger HD bzw. SDTV-Programme zur Verf\u00fcgung. Optional ist auch die<span class=\"ellipsis\">&hellip;<\/span><\/p>\n<div class=\"read-more\"><a href=\"https:\/\/www.es-manebach.de\/?page_id=65\">Weiterlesen \u203a<\/a><\/div>\n<p><!-- end of .read-more --><\/p>\n","protected":false},"author":2,"featured_media":0,"parent":113,"menu_order":0,"comment_status":"closed","ping_status":"closed","template":"","meta":[],"_links":{"self":[{"href":"https:\/\/www.es-manebach.de\/index.php?rest_route=\/wp\/v2\/pages\/65"}],"collection":[{"href":"https:\/\/www.es-manebach.de\/index.php?rest_route=\/wp\/v2\/pages"}],"about":[{"href":"https:\/\/www.es-manebach.de\/index.php?rest_route=\/wp\/v2\/types\/page"}],"author":[{"embeddable":true,"href":"https:\/\/www.es-manebach.de\/index.php?rest_route=\/wp\/v2\/users\/2"}],"replies":[{"embeddable":true,"href":"https:\/\/www.es-manebach.de\/index.php?rest_route=%2Fwp%2Fv2%2Fcomments&post=65"}],"version-history":[{"count":15,"href":"https:\/\/www.es-manebach.de\/index.php?rest_route=\/wp\/v2\/pages\/65\/revisions"}],"predecessor-version":[{"id":477,"href":"https:\/\/www.es-manebach.de\/index.php?rest_route=\/wp\/v2\/pages\/65\/revisions\/477"}],"up":[{"embeddable":true,"href":"https:\/\/www.es-manebach.de\/index.php?rest_route=\/wp\/v2\/pages\/113"}],"wp:attachment":[{"href":"https:\/\/www.es-manebach.de\/index.php?rest_route=%2Fwp%2Fv2%2Fmedia&parent=65"}],"curies":[{"name":"wp","href":"https:\/\/api.w.org\/{rel}","templated":true}]}}