{"id":654,"date":"2020-02-21T15:25:52","date_gmt":"2020-02-21T14:25:52","guid":{"rendered":"http:\/\/www.es-manebach.de\/?page_id=654"},"modified":"2022-05-04T11:45:16","modified_gmt":"2022-05-04T09:45:16","slug":"sis-als-wegeleitsystem","status":"publish","type":"page","link":"https:\/\/www.es-manebach.de\/?page_id=654","title":{"rendered":"SIS als Wegeleitsystem"},"content":{"rendered":"\n<div class=\"wp-block-image\"><figure class=\"aligncenter is-resized\"><img decoding=\"async\" loading=\"lazy\" src=\"http:\/\/www.es-manebach.de\/wp-content\/uploads\/2020\/02\/DF-55_back-_left-angle_03-460x1024.png\" alt=\"\" class=\"wp-image-647\" width=\"280\" height=\"623\" srcset=\"https:\/\/www.es-manebach.de\/wp-content\/uploads\/2020\/02\/DF-55_back-_left-angle_03-460x1024.png 460w, https:\/\/www.es-manebach.de\/wp-content\/uploads\/2020\/02\/DF-55_back-_left-angle_03-135x300.png 135w, https:\/\/www.es-manebach.de\/wp-content\/uploads\/2020\/02\/DF-55_back-_left-angle_03-768x1711.png 768w, https:\/\/www.es-manebach.de\/wp-content\/uploads\/2020\/02\/DF-55_back-_left-angle_03-100x223.png 100w, https:\/\/www.es-manebach.de\/wp-content\/uploads\/2020\/02\/DF-55_back-_left-angle_03-150x334.png 150w, https:\/\/www.es-manebach.de\/wp-content\/uploads\/2020\/02\/DF-55_back-_left-angle_03-200x446.png 200w, https:\/\/www.es-manebach.de\/wp-content\/uploads\/2020\/02\/DF-55_back-_left-angle_03-300x668.png 300w, https:\/\/www.es-manebach.de\/wp-content\/uploads\/2020\/02\/DF-55_back-_left-angle_03-450x1002.png 450w, https:\/\/www.es-manebach.de\/wp-content\/uploads\/2020\/02\/DF-55_back-_left-angle_03-600x1337.png 600w, https:\/\/www.es-manebach.de\/wp-content\/uploads\/2020\/02\/DF-55_back-_left-angle_03-900x2005.png 900w\" sizes=\"(max-width: 280px) 100vw, 280px\" \/><figcaption>\u00dcbersichtstafel: Beispiel f\u00fcr die Ausf\u00fchrung als Indoor-Steele<\/figcaption><\/figure><\/div>\n\n\n\n<h3>Funktionsprinzip<\/h3>\n\n\n\n<ul><li>Kombination aus logisch verkn\u00fcpften T\u00fcrschildern &amp; \u00dcbersichtstafeln<\/li><li>Termine werden f\u00fcr den jeweiligen Raum geplant, fertig!<\/li><li>Automatische Zuweisung der Inhalte auf \u00dcbersichtstafeln und T\u00fcrschilder gem\u00e4\u00df Vorkonfiguration<\/li><li>Layout ist vorkonfiguriert und kann dem Projekt angepasst werden<\/li><\/ul>\n\n\n\n<h3>T\u00fcrschild<\/h3>\n\n\n\n<ul><li>T\u00fcrschild zeigt Raumbelegung: frei<\/li><li>n\u00e4chste gebuchten Termin bzw. eine Terminliste.<\/li><li>Zus\u00e4tzliche Felder f\u00fcr Datum, Uhrzeit, Logos oder weitere Infoboxen sind m\u00f6glich und werden vorkonfiguriert.<\/li><\/ul>\n\n\n\n<div class=\"wp-block-image\"><figure class=\"aligncenter\"><img decoding=\"async\" loading=\"lazy\" width=\"800\" height=\"444\" src=\"http:\/\/www.es-manebach.de\/wp-content\/uploads\/2022\/05\/2020-02-17_SIS_RB_T\u00fcrschild_Raum.png\" alt=\"\" class=\"wp-image-885\" srcset=\"https:\/\/www.es-manebach.de\/wp-content\/uploads\/2022\/05\/2020-02-17_SIS_RB_T\u00fcrschild_Raum.png 800w, https:\/\/www.es-manebach.de\/wp-content\/uploads\/2022\/05\/2020-02-17_SIS_RB_T\u00fcrschild_Raum-300x167.png 300w, https:\/\/www.es-manebach.de\/wp-content\/uploads\/2022\/05\/2020-02-17_SIS_RB_T\u00fcrschild_Raum-768x426.png 768w, https:\/\/www.es-manebach.de\/wp-content\/uploads\/2022\/05\/2020-02-17_SIS_RB_T\u00fcrschild_Raum-100x56.png 100w, https:\/\/www.es-manebach.de\/wp-content\/uploads\/2022\/05\/2020-02-17_SIS_RB_T\u00fcrschild_Raum-150x83.png 150w, https:\/\/www.es-manebach.de\/wp-content\/uploads\/2022\/05\/2020-02-17_SIS_RB_T\u00fcrschild_Raum-200x111.png 200w, https:\/\/www.es-manebach.de\/wp-content\/uploads\/2022\/05\/2020-02-17_SIS_RB_T\u00fcrschild_Raum-450x250.png 450w, https:\/\/www.es-manebach.de\/wp-content\/uploads\/2022\/05\/2020-02-17_SIS_RB_T\u00fcrschild_Raum-600x333.png 600w\" sizes=\"(max-width: 800px) 100vw, 800px\" \/><\/figure><\/div>\n\n\n\n<h3>\u00dcbersichtstafel<\/h3>\n\n\n\n<ul><li>Anzeige der n\u00e4chsten Termine f\u00fcr alle R\u00e4ume<\/li><li>Anzeige der Richtung, in der die R\u00e4ume zu finden sind (vorkonfiguriert)<\/li><li>Zus\u00e4tzliche Felder k\u00f6nnen angelegt und genutzt werden: z.B. Titel der Anzeigetafel, Uhrzeit, Logo, Wetter und Video <\/li><li>Die Zuweisung der Informationen erfolgt automatisch<\/li><li>Gestaltung wird auf das Projekt abgestimmt und vorkonfiguriert<\/li><\/ul>\n\n\n\n<figure class=\"wp-block-image\"><img decoding=\"async\" loading=\"lazy\" width=\"576\" height=\"1024\" src=\"http:\/\/www.es-manebach.de\/wp-content\/uploads\/2022\/05\/2019-07-22_Stele_Wegeleitsystem_1-576x1024.png\" alt=\"\" class=\"wp-image-888\" srcset=\"https:\/\/www.es-manebach.de\/wp-content\/uploads\/2022\/05\/2019-07-22_Stele_Wegeleitsystem_1-576x1024.png 576w, https:\/\/www.es-manebach.de\/wp-content\/uploads\/2022\/05\/2019-07-22_Stele_Wegeleitsystem_1-169x300.png 169w, https:\/\/www.es-manebach.de\/wp-content\/uploads\/2022\/05\/2019-07-22_Stele_Wegeleitsystem_1-768x1365.png 768w, https:\/\/www.es-manebach.de\/wp-content\/uploads\/2022\/05\/2019-07-22_Stele_Wegeleitsystem_1-100x178.png 100w, https:\/\/www.es-manebach.de\/wp-content\/uploads\/2022\/05\/2019-07-22_Stele_Wegeleitsystem_1-150x267.png 150w, https:\/\/www.es-manebach.de\/wp-content\/uploads\/2022\/05\/2019-07-22_Stele_Wegeleitsystem_1-200x356.png 200w, https:\/\/www.es-manebach.de\/wp-content\/uploads\/2022\/05\/2019-07-22_Stele_Wegeleitsystem_1-300x533.png 300w, https:\/\/www.es-manebach.de\/wp-content\/uploads\/2022\/05\/2019-07-22_Stele_Wegeleitsystem_1-450x800.png 450w, https:\/\/www.es-manebach.de\/wp-content\/uploads\/2022\/05\/2019-07-22_Stele_Wegeleitsystem_1-600x1067.png 600w, https:\/\/www.es-manebach.de\/wp-content\/uploads\/2022\/05\/2019-07-22_Stele_Wegeleitsystem_1-900x1600.png 900w, https:\/\/www.es-manebach.de\/wp-content\/uploads\/2022\/05\/2019-07-22_Stele_Wegeleitsystem_1.png 1080w\" sizes=\"(max-width: 576px) 100vw, 576px\" \/><\/figure>\n","protected":false},"excerpt":{"rendered":"<p>Funktionsprinzip Kombination aus logisch verkn\u00fcpften T\u00fcrschildern &amp; \u00dcbersichtstafeln Termine werden f\u00fcr den jeweiligen Raum geplant, fertig! Automatische Zuweisung der Inhalte auf \u00dcbersichtstafeln und T\u00fcrschilder gem\u00e4\u00df Vorkonfiguration Layout ist vorkonfiguriert und kann dem Projekt angepasst werden T\u00fcrschild T\u00fcrschild zeigt Raumbelegung: frei<span class=\"ellipsis\">&hellip;<\/span><\/p>\n<div class=\"read-more\"><a href=\"https:\/\/www.es-manebach.de\/?page_id=654\">Weiterlesen \u203a<\/a><\/div>\n<p><!-- end of .read-more --><\/p>\n","protected":false},"author":1,"featured_media":0,"parent":639,"menu_order":0,"comment_status":"closed","ping_status":"closed","template":"","meta":[],"_links":{"self":[{"href":"https:\/\/www.es-manebach.de\/index.php?rest_route=\/wp\/v2\/pages\/654"}],"collection":[{"href":"https:\/\/www.es-manebach.de\/index.php?rest_route=\/wp\/v2\/pages"}],"about":[{"href":"https:\/\/www.es-manebach.de\/index.php?rest_route=\/wp\/v2\/types\/page"}],"author":[{"embeddable":true,"href":"https:\/\/www.es-manebach.de\/index.php?rest_route=\/wp\/v2\/users\/1"}],"replies":[{"embeddable":true,"href":"https:\/\/www.es-manebach.de\/index.php?rest_route=%2Fwp%2Fv2%2Fcomments&post=654"}],"version-history":[{"count":13,"href":"https:\/\/www.es-manebach.de\/index.php?rest_route=\/wp\/v2\/pages\/654\/revisions"}],"predecessor-version":[{"id":889,"href":"https:\/\/www.es-manebach.de\/index.php?rest_route=\/wp\/v2\/pages\/654\/revisions\/889"}],"up":[{"embeddable":true,"href":"https:\/\/www.es-manebach.de\/index.php?rest_route=\/wp\/v2\/pages\/639"}],"wp:attachment":[{"href":"https:\/\/www.es-manebach.de\/index.php?rest_route=%2Fwp%2Fv2%2Fmedia&parent=654"}],"curies":[{"name":"wp","href":"https:\/\/api.w.org\/{rel}","templated":true}]}}