{"id":655,"date":"2020-02-21T15:28:27","date_gmt":"2020-02-21T14:28:27","guid":{"rendered":"http:\/\/www.es-manebach.de\/?page_id=655"},"modified":"2020-02-26T09:10:13","modified_gmt":"2020-02-26T08:10:13","slug":"smart-infoscreen-fuer-die-wohnungswirtschaft","status":"publish","type":"page","link":"https:\/\/www.es-manebach.de\/?page_id=655","title":{"rendered":"SIS f\u00fcr die Wohnungswirtschaft"},"content":{"rendered":"\n<h3>Abl\u00f6sung des &#8222;Schwarzen Bretts&#8220;<\/h3>\n\n\n\n<p>Die Wohnungswirtschaft ist gefordert, vielf\u00e4tige Informationen auf ihre Mitobjekt zu verteilen und dabei individuelle Besonderheiten zu ber\u00fccksichtigen. SIS unterst\u00fctzt diese Aufgabe mit einem innovativen Ansatz. Individuelle Bedienkonzepte mit Touch-Display erlauben die Anpassung an die Informationsaufgabe und die zu ver\u00f6ffentlichen Informationsmengen.<\/p>\n\n\n\n<figure class=\"wp-block-image\"><img decoding=\"async\" loading=\"lazy\" width=\"1024\" height=\"576\" src=\"http:\/\/www.es-manebach.de\/wp-content\/uploads\/2020\/02\/2020-02-17_SIS_Screenshot_16a-1024x576.png\" alt=\"\" class=\"wp-image-675\" srcset=\"https:\/\/www.es-manebach.de\/wp-content\/uploads\/2020\/02\/2020-02-17_SIS_Screenshot_16a-1024x576.png 1024w, https:\/\/www.es-manebach.de\/wp-content\/uploads\/2020\/02\/2020-02-17_SIS_Screenshot_16a-300x169.png 300w, https:\/\/www.es-manebach.de\/wp-content\/uploads\/2020\/02\/2020-02-17_SIS_Screenshot_16a-768x432.png 768w, https:\/\/www.es-manebach.de\/wp-content\/uploads\/2020\/02\/2020-02-17_SIS_Screenshot_16a-100x56.png 100w, https:\/\/www.es-manebach.de\/wp-content\/uploads\/2020\/02\/2020-02-17_SIS_Screenshot_16a-150x84.png 150w, https:\/\/www.es-manebach.de\/wp-content\/uploads\/2020\/02\/2020-02-17_SIS_Screenshot_16a-200x113.png 200w, https:\/\/www.es-manebach.de\/wp-content\/uploads\/2020\/02\/2020-02-17_SIS_Screenshot_16a-450x253.png 450w, https:\/\/www.es-manebach.de\/wp-content\/uploads\/2020\/02\/2020-02-17_SIS_Screenshot_16a-600x338.png 600w, https:\/\/www.es-manebach.de\/wp-content\/uploads\/2020\/02\/2020-02-17_SIS_Screenshot_16a-900x506.png 900w, https:\/\/www.es-manebach.de\/wp-content\/uploads\/2020\/02\/2020-02-17_SIS_Screenshot_16a.png 1920w\" sizes=\"(max-width: 1024px) 100vw, 1024px\" \/><figcaption>Hausinformationstafel: Beispiel eines interaktiven Layouts, das auf einen Touch-Screnn zur Anzeige gebracht werden kann. <\/figcaption><\/figure>\n\n\n\n<ul><li>Verteilung allgemeiner Informationen an alle Standorte<\/li><li>Zuweisung individueller Objektbetreuer, z.B. Hausmeister<\/li><li>vollautomatische Anzeige der Nahverkehrsdaten f\u00fcr das Objekt<\/li><li>individuelle Informationen \u00fcber Objektreinigung oder Serviceleistungen<\/li><\/ul>\n\n\n\n<figure class=\"wp-block-image\"><img decoding=\"async\" loading=\"lazy\" width=\"1024\" height=\"576\" src=\"http:\/\/www.es-manebach.de\/wp-content\/uploads\/2020\/02\/2020-02-17_SIS_Screenshot_12a-1024x576.png\" alt=\"\" class=\"wp-image-676\" srcset=\"https:\/\/www.es-manebach.de\/wp-content\/uploads\/2020\/02\/2020-02-17_SIS_Screenshot_12a-1024x576.png 1024w, https:\/\/www.es-manebach.de\/wp-content\/uploads\/2020\/02\/2020-02-17_SIS_Screenshot_12a-300x169.png 300w, https:\/\/www.es-manebach.de\/wp-content\/uploads\/2020\/02\/2020-02-17_SIS_Screenshot_12a-768x432.png 768w, https:\/\/www.es-manebach.de\/wp-content\/uploads\/2020\/02\/2020-02-17_SIS_Screenshot_12a-100x56.png 100w, https:\/\/www.es-manebach.de\/wp-content\/uploads\/2020\/02\/2020-02-17_SIS_Screenshot_12a-150x84.png 150w, https:\/\/www.es-manebach.de\/wp-content\/uploads\/2020\/02\/2020-02-17_SIS_Screenshot_12a-200x113.png 200w, https:\/\/www.es-manebach.de\/wp-content\/uploads\/2020\/02\/2020-02-17_SIS_Screenshot_12a-450x253.png 450w, https:\/\/www.es-manebach.de\/wp-content\/uploads\/2020\/02\/2020-02-17_SIS_Screenshot_12a-600x338.png 600w, https:\/\/www.es-manebach.de\/wp-content\/uploads\/2020\/02\/2020-02-17_SIS_Screenshot_12a-900x506.png 900w, https:\/\/www.es-manebach.de\/wp-content\/uploads\/2020\/02\/2020-02-17_SIS_Screenshot_12a.png 1920w\" sizes=\"(max-width: 1024px) 100vw, 1024px\" \/><figcaption>SIS Hausinformationstafel mit individuellen Fahrplananzeige <\/figcaption><\/figure>\n\n\n\n<h3>Modul: Interaktive Dienstleistungserfassung<\/h3>\n\n\n\n<ul><li>Versteckte Men\u00fcs erlauben eine nutzerspezifische Anmeldung am Display, die z.B. zur Quittierung von Dienstleistungen genutzt werden kann<\/li><li>Die Eingabe wird zentral gespeichert und kann zur Abrechnung herangezogen werden.<\/li><\/ul>\n\n\n\n<figure class=\"wp-block-image\"><img decoding=\"async\" loading=\"lazy\" width=\"1024\" height=\"576\" src=\"http:\/\/www.es-manebach.de\/wp-content\/uploads\/2020\/02\/2020-02-17_SIS_Screenshot_08f-1024x576.png\" alt=\"\" class=\"wp-image-678\" srcset=\"https:\/\/www.es-manebach.de\/wp-content\/uploads\/2020\/02\/2020-02-17_SIS_Screenshot_08f-1024x576.png 1024w, https:\/\/www.es-manebach.de\/wp-content\/uploads\/2020\/02\/2020-02-17_SIS_Screenshot_08f-300x169.png 300w, https:\/\/www.es-manebach.de\/wp-content\/uploads\/2020\/02\/2020-02-17_SIS_Screenshot_08f-768x432.png 768w, https:\/\/www.es-manebach.de\/wp-content\/uploads\/2020\/02\/2020-02-17_SIS_Screenshot_08f-100x56.png 100w, https:\/\/www.es-manebach.de\/wp-content\/uploads\/2020\/02\/2020-02-17_SIS_Screenshot_08f-150x84.png 150w, https:\/\/www.es-manebach.de\/wp-content\/uploads\/2020\/02\/2020-02-17_SIS_Screenshot_08f-200x113.png 200w, https:\/\/www.es-manebach.de\/wp-content\/uploads\/2020\/02\/2020-02-17_SIS_Screenshot_08f-450x253.png 450w, https:\/\/www.es-manebach.de\/wp-content\/uploads\/2020\/02\/2020-02-17_SIS_Screenshot_08f-600x338.png 600w, https:\/\/www.es-manebach.de\/wp-content\/uploads\/2020\/02\/2020-02-17_SIS_Screenshot_08f-900x506.png 900w, https:\/\/www.es-manebach.de\/wp-content\/uploads\/2020\/02\/2020-02-17_SIS_Screenshot_08f.png 1920w\" sizes=\"(max-width: 1024px) 100vw, 1024px\" \/><figcaption>SIS Hausinformationstafel: PIN Eingabe des Dienstleistungsmoduls zur Quittierung von Arbeitsleistungen.<\/figcaption><\/figure>\n\n\n\n<figure class=\"wp-block-image\"><img decoding=\"async\" loading=\"lazy\" width=\"1024\" height=\"576\" src=\"http:\/\/www.es-manebach.de\/wp-content\/uploads\/2020\/02\/2020-02-17_SIS_Screenshot_08g-1024x576.png\" alt=\"\" class=\"wp-image-677\" srcset=\"https:\/\/www.es-manebach.de\/wp-content\/uploads\/2020\/02\/2020-02-17_SIS_Screenshot_08g-1024x576.png 1024w, https:\/\/www.es-manebach.de\/wp-content\/uploads\/2020\/02\/2020-02-17_SIS_Screenshot_08g-300x169.png 300w, https:\/\/www.es-manebach.de\/wp-content\/uploads\/2020\/02\/2020-02-17_SIS_Screenshot_08g-768x432.png 768w, https:\/\/www.es-manebach.de\/wp-content\/uploads\/2020\/02\/2020-02-17_SIS_Screenshot_08g-100x56.png 100w, https:\/\/www.es-manebach.de\/wp-content\/uploads\/2020\/02\/2020-02-17_SIS_Screenshot_08g-150x84.png 150w, https:\/\/www.es-manebach.de\/wp-content\/uploads\/2020\/02\/2020-02-17_SIS_Screenshot_08g-200x113.png 200w, https:\/\/www.es-manebach.de\/wp-content\/uploads\/2020\/02\/2020-02-17_SIS_Screenshot_08g-450x253.png 450w, https:\/\/www.es-manebach.de\/wp-content\/uploads\/2020\/02\/2020-02-17_SIS_Screenshot_08g-600x338.png 600w, https:\/\/www.es-manebach.de\/wp-content\/uploads\/2020\/02\/2020-02-17_SIS_Screenshot_08g-900x506.png 900w, https:\/\/www.es-manebach.de\/wp-content\/uploads\/2020\/02\/2020-02-17_SIS_Screenshot_08g.png 1920w\" sizes=\"(max-width: 1024px) 100vw, 1024px\" \/><figcaption>SIS Hausinformationstafel: Erbrachte Dienstleistung ausgew\u00e4hlt. &#8222;Fertig&#8220; \u00fcbergibt die Daten und schlie\u00dft das Modul. Die Leistung ist zentral registriert. <\/figcaption><\/figure>\n\n\n\n<p><\/p>\n","protected":false},"excerpt":{"rendered":"<p>Abl\u00f6sung des &#8222;Schwarzen Bretts&#8220; Die Wohnungswirtschaft ist gefordert, vielf\u00e4tige Informationen auf ihre Mitobjekt zu verteilen und dabei individuelle Besonderheiten zu ber\u00fccksichtigen. SIS unterst\u00fctzt diese Aufgabe mit einem innovativen Ansatz. Individuelle Bedienkonzepte mit Touch-Display erlauben die Anpassung an die Informationsaufgabe und<span class=\"ellipsis\">&hellip;<\/span><\/p>\n<div class=\"read-more\"><a href=\"https:\/\/www.es-manebach.de\/?page_id=655\">Weiterlesen \u203a<\/a><\/div>\n<p><!-- end of .read-more --><\/p>\n","protected":false},"author":1,"featured_media":0,"parent":639,"menu_order":0,"comment_status":"closed","ping_status":"closed","template":"","meta":[],"_links":{"self":[{"href":"https:\/\/www.es-manebach.de\/index.php?rest_route=\/wp\/v2\/pages\/655"}],"collection":[{"href":"https:\/\/www.es-manebach.de\/index.php?rest_route=\/wp\/v2\/pages"}],"about":[{"href":"https:\/\/www.es-manebach.de\/index.php?rest_route=\/wp\/v2\/types\/page"}],"author":[{"embeddable":true,"href":"https:\/\/www.es-manebach.de\/index.php?rest_route=\/wp\/v2\/users\/1"}],"replies":[{"embeddable":true,"href":"https:\/\/www.es-manebach.de\/index.php?rest_route=%2Fwp%2Fv2%2Fcomments&post=655"}],"version-history":[{"count":7,"href":"https:\/\/www.es-manebach.de\/index.php?rest_route=\/wp\/v2\/pages\/655\/revisions"}],"predecessor-version":[{"id":811,"href":"https:\/\/www.es-manebach.de\/index.php?rest_route=\/wp\/v2\/pages\/655\/revisions\/811"}],"up":[{"embeddable":true,"href":"https:\/\/www.es-manebach.de\/index.php?rest_route=\/wp\/v2\/pages\/639"}],"wp:attachment":[{"href":"https:\/\/www.es-manebach.de\/index.php?rest_route=%2Fwp%2Fv2%2Fmedia&parent=655"}],"curies":[{"name":"wp","href":"https:\/\/api.w.org\/{rel}","templated":true}]}}