{"id":668,"date":"2020-02-25T11:28:21","date_gmt":"2020-02-25T10:28:21","guid":{"rendered":"http:\/\/www.es-manebach.de\/?page_id=668"},"modified":"2020-02-25T16:25:38","modified_gmt":"2020-02-25T15:25:38","slug":"sis-fahrplananzeige","status":"publish","type":"page","link":"https:\/\/www.es-manebach.de\/?page_id=668","title":{"rendered":"SIS-Fahrplananzeige"},"content":{"rendered":"\n<p>Eine der vielen Funktionen des SIS Systems ist die Anzeige aktueller Fahrplaninformationen \u00f6ffentlicher Verkehrsmittel.<\/p>\n\n\n\n<div class=\"wp-block-image\"><figure class=\"aligncenter\"><img decoding=\"async\" loading=\"lazy\" width=\"1024\" height=\"576\" src=\"http:\/\/www.es-manebach.de\/wp-content\/uploads\/2020\/02\/2020-02-17_SIS_Screenshot_02a-1024x576.png\" alt=\"\" class=\"wp-image-669\" srcset=\"https:\/\/www.es-manebach.de\/wp-content\/uploads\/2020\/02\/2020-02-17_SIS_Screenshot_02a-1024x576.png 1024w, https:\/\/www.es-manebach.de\/wp-content\/uploads\/2020\/02\/2020-02-17_SIS_Screenshot_02a-300x169.png 300w, https:\/\/www.es-manebach.de\/wp-content\/uploads\/2020\/02\/2020-02-17_SIS_Screenshot_02a-768x432.png 768w, https:\/\/www.es-manebach.de\/wp-content\/uploads\/2020\/02\/2020-02-17_SIS_Screenshot_02a-100x56.png 100w, https:\/\/www.es-manebach.de\/wp-content\/uploads\/2020\/02\/2020-02-17_SIS_Screenshot_02a-150x84.png 150w, https:\/\/www.es-manebach.de\/wp-content\/uploads\/2020\/02\/2020-02-17_SIS_Screenshot_02a-200x113.png 200w, https:\/\/www.es-manebach.de\/wp-content\/uploads\/2020\/02\/2020-02-17_SIS_Screenshot_02a-450x253.png 450w, https:\/\/www.es-manebach.de\/wp-content\/uploads\/2020\/02\/2020-02-17_SIS_Screenshot_02a-600x338.png 600w, https:\/\/www.es-manebach.de\/wp-content\/uploads\/2020\/02\/2020-02-17_SIS_Screenshot_02a-900x506.png 900w, https:\/\/www.es-manebach.de\/wp-content\/uploads\/2020\/02\/2020-02-17_SIS_Screenshot_02a.png 1920w\" sizes=\"(max-width: 1024px) 100vw, 1024px\" \/><figcaption>Fahrplananzeige im Querformat mit Standortangabe, Uhrzeit und Wetter<br> <\/figcaption><\/figure><\/div>\n\n\n\n<ul><li>Die Fahrplananzeige basiert auf aktuellen Verkehrsinformationen sofern IST-Daten f\u00fcr die jeweilige Region verf\u00fcgbar sind<\/li><li>Die Anzeige kann projektabh\u00e4ngig vordefiniert werden<\/li><li>Fahrplaninformationen k\u00f6nnen f\u00fcr eine oder mehrere Haltestellen visualisiert werden<\/li><li>Je nach verf\u00fcgbarem Anzeigeplatz kann die Anzeige parallel oder zeitlich nacheinander erfolgen<\/li><li>Zus\u00e4tzliche Informationsfelder, z.B. f\u00fcr Werbeanzeigen, k\u00f6nnen erg\u00e4nzt und unabh\u00e4ngig bedient werden<\/li><\/ul>\n\n\n\n<h3>Beispiele f\u00fcr Fahrplananzeigen<\/h3>\n\n\n\n<div class=\"wp-block-image\"><figure class=\"aligncenter is-resized\"><img decoding=\"async\" loading=\"lazy\" src=\"http:\/\/www.es-manebach.de\/wp-content\/uploads\/2020\/02\/2020-02-17_SIS_Screenshot_03a-576x1024.jpg\" alt=\"\" class=\"wp-image-671\" width=\"397\" height=\"705\" srcset=\"https:\/\/www.es-manebach.de\/wp-content\/uploads\/2020\/02\/2020-02-17_SIS_Screenshot_03a-576x1024.jpg 576w, https:\/\/www.es-manebach.de\/wp-content\/uploads\/2020\/02\/2020-02-17_SIS_Screenshot_03a-169x300.jpg 169w, https:\/\/www.es-manebach.de\/wp-content\/uploads\/2020\/02\/2020-02-17_SIS_Screenshot_03a-768x1365.jpg 768w, https:\/\/www.es-manebach.de\/wp-content\/uploads\/2020\/02\/2020-02-17_SIS_Screenshot_03a-100x178.jpg 100w, https:\/\/www.es-manebach.de\/wp-content\/uploads\/2020\/02\/2020-02-17_SIS_Screenshot_03a-150x267.jpg 150w, https:\/\/www.es-manebach.de\/wp-content\/uploads\/2020\/02\/2020-02-17_SIS_Screenshot_03a-200x356.jpg 200w, https:\/\/www.es-manebach.de\/wp-content\/uploads\/2020\/02\/2020-02-17_SIS_Screenshot_03a-300x533.jpg 300w, https:\/\/www.es-manebach.de\/wp-content\/uploads\/2020\/02\/2020-02-17_SIS_Screenshot_03a-450x800.jpg 450w, https:\/\/www.es-manebach.de\/wp-content\/uploads\/2020\/02\/2020-02-17_SIS_Screenshot_03a-600x1067.jpg 600w, https:\/\/www.es-manebach.de\/wp-content\/uploads\/2020\/02\/2020-02-17_SIS_Screenshot_03a-900x1600.jpg 900w, https:\/\/www.es-manebach.de\/wp-content\/uploads\/2020\/02\/2020-02-17_SIS_Screenshot_03a.jpg 1080w\" sizes=\"(max-width: 397px) 100vw, 397px\" \/><figcaption>Fahrplananzeige vertikal, f\u00fcr mehrere Haltestellen mit Werbeeinblendung <\/figcaption><\/figure><\/div>\n\n\n\n<div class=\"wp-block-image\"><figure class=\"aligncenter is-resized\"><img decoding=\"async\" loading=\"lazy\" src=\"http:\/\/www.es-manebach.de\/wp-content\/uploads\/2020\/02\/2020-02-17_SIS_Screenshot_03d-1024x576.png\" alt=\"\" class=\"wp-image-672\" width=\"704\" height=\"396\" srcset=\"https:\/\/www.es-manebach.de\/wp-content\/uploads\/2020\/02\/2020-02-17_SIS_Screenshot_03d-1024x576.png 1024w, https:\/\/www.es-manebach.de\/wp-content\/uploads\/2020\/02\/2020-02-17_SIS_Screenshot_03d-300x169.png 300w, https:\/\/www.es-manebach.de\/wp-content\/uploads\/2020\/02\/2020-02-17_SIS_Screenshot_03d-768x432.png 768w, https:\/\/www.es-manebach.de\/wp-content\/uploads\/2020\/02\/2020-02-17_SIS_Screenshot_03d-100x56.png 100w, https:\/\/www.es-manebach.de\/wp-content\/uploads\/2020\/02\/2020-02-17_SIS_Screenshot_03d-150x84.png 150w, https:\/\/www.es-manebach.de\/wp-content\/uploads\/2020\/02\/2020-02-17_SIS_Screenshot_03d-200x113.png 200w, https:\/\/www.es-manebach.de\/wp-content\/uploads\/2020\/02\/2020-02-17_SIS_Screenshot_03d-450x253.png 450w, https:\/\/www.es-manebach.de\/wp-content\/uploads\/2020\/02\/2020-02-17_SIS_Screenshot_03d-600x338.png 600w, https:\/\/www.es-manebach.de\/wp-content\/uploads\/2020\/02\/2020-02-17_SIS_Screenshot_03d-900x506.png 900w, https:\/\/www.es-manebach.de\/wp-content\/uploads\/2020\/02\/2020-02-17_SIS_Screenshot_03d.png 1920w\" sizes=\"(max-width: 704px) 100vw, 704px\" \/><figcaption>Fahrplananzeige horizontal f\u00fcr mehrere Haltestellen<br><br><\/figcaption><\/figure><\/div>\n","protected":false},"excerpt":{"rendered":"<p>Eine der vielen Funktionen des SIS Systems ist die Anzeige aktueller Fahrplaninformationen \u00f6ffentlicher Verkehrsmittel. Die Fahrplananzeige basiert auf aktuellen Verkehrsinformationen sofern IST-Daten f\u00fcr die jeweilige Region verf\u00fcgbar sind Die Anzeige kann projektabh\u00e4ngig vordefiniert werden Fahrplaninformationen k\u00f6nnen f\u00fcr eine oder mehrere<span class=\"ellipsis\">&hellip;<\/span><\/p>\n<div class=\"read-more\"><a href=\"https:\/\/www.es-manebach.de\/?page_id=668\">Weiterlesen \u203a<\/a><\/div>\n<p><!-- end of .read-more --><\/p>\n","protected":false},"author":1,"featured_media":0,"parent":639,"menu_order":0,"comment_status":"closed","ping_status":"closed","template":"","meta":[],"_links":{"self":[{"href":"https:\/\/www.es-manebach.de\/index.php?rest_route=\/wp\/v2\/pages\/668"}],"collection":[{"href":"https:\/\/www.es-manebach.de\/index.php?rest_route=\/wp\/v2\/pages"}],"about":[{"href":"https:\/\/www.es-manebach.de\/index.php?rest_route=\/wp\/v2\/types\/page"}],"author":[{"embeddable":true,"href":"https:\/\/www.es-manebach.de\/index.php?rest_route=\/wp\/v2\/users\/1"}],"replies":[{"embeddable":true,"href":"https:\/\/www.es-manebach.de\/index.php?rest_route=%2Fwp%2Fv2%2Fcomments&post=668"}],"version-history":[{"count":11,"href":"https:\/\/www.es-manebach.de\/index.php?rest_route=\/wp\/v2\/pages\/668\/revisions"}],"predecessor-version":[{"id":796,"href":"https:\/\/www.es-manebach.de\/index.php?rest_route=\/wp\/v2\/pages\/668\/revisions\/796"}],"up":[{"embeddable":true,"href":"https:\/\/www.es-manebach.de\/index.php?rest_route=\/wp\/v2\/pages\/639"}],"wp:attachment":[{"href":"https:\/\/www.es-manebach.de\/index.php?rest_route=%2Fwp%2Fv2%2Fmedia&parent=668"}],"curies":[{"name":"wp","href":"https:\/\/api.w.org\/{rel}","templated":true}]}}